{"id":957,"date":"2025-12-26T11:30:01","date_gmt":"2025-12-26T11:30:01","guid":{"rendered":"https:\/\/safaie.co\/?page_id=957"},"modified":"2026-01-17T19:00:50","modified_gmt":"2026-01-17T19:00:50","slug":"clause-de-non-responsabilite","status":"publish","type":"page","link":"https:\/\/safaie.co\/fr\/disclaimer\/","title":{"rendered":"Clause de non-responsabilit\u00e9"},"content":{"rendered":"<div data-elementor-type=\"wp-page\" data-elementor-id=\"957\" class=\"elementor elementor-957\">\n\t\t\t\t<div class=\"elementor-element elementor-element-7875898 e-flex e-con-boxed e-con e-parent\" data-id=\"7875898\" data-element_type=\"container\" data-e-type=\"container\">\n\t\t\t\t\t<div class=\"e-con-inner\">\n\t\t\t\t\t<\/div>\n\t\t\t\t<\/div>\n\t\t<div class=\"elementor-element elementor-element-974ce74 e-flex e-con-boxed e-con e-parent\" data-id=\"974ce74\" data-element_type=\"container\" data-e-type=\"container\">\n\t\t\t\t\t<div class=\"e-con-inner\">\n\t\t\t\t\t<\/div>\n\t\t\t\t<\/div>\n\t\t<div class=\"elementor-element elementor-element-c881c93 e-flex e-con-boxed e-con e-parent\" data-id=\"c881c93\" data-element_type=\"container\" data-e-type=\"container\">\n\t\t\t\t\t<div class=\"e-con-inner\">\n\t\t\t\t\t<\/div>\n\t\t\t\t<\/div>\n\t\t<div class=\"elementor-element elementor-element-51d8dc0 e-flex e-con-boxed e-con e-parent\" data-id=\"51d8dc0\" data-element_type=\"container\" data-e-type=\"container\">\n\t\t\t\t\t<div class=\"e-con-inner\">\n\t\t\t\t<div class=\"elementor-element elementor-element-a6c42c5 elementor-widget elementor-widget-html\" data-id=\"a6c42c5\" data-element_type=\"widget\" data-e-type=\"widget\" data-widget_type=\"html.default\">\n\t\t\t\t\t<section style=\"max-width:1000px;margin:0 auto;padding:40px 18px;font-family:inherit;line-height:1.9;color:#eaeaea;\">\r\n  <div style=\"background:rgba(255,255,255,0.03);border:1px solid rgba(255,255,255,0.08);border-radius:18px;padding:26px;\">\r\n    <h1 style=\"margin:0 0 10px;font-size:34px;line-height:1.2;color:#ffffff;\">Clause de non-responsabilit\u00e9<\/h1>\r\n    <p style=\"margin:0 0 18px;color:rgba(255,255,255,0.72);font-size:14px;\">\r\n      Derni\u00e8re mise \u00e0 jour : <strong>26 d\u00e9cembre 2025<\/strong>\r\n    <\/p>\r\n\r\n    <p style=\"margin:0 0 18px;\">\r\n      Les informations sur <strong>Safaie.co<\/strong> est fourni \u00e0 titre d'information g\u00e9n\u00e9rale uniquement.\r\n      Bien que nous nous efforcions de maintenir les informations exactes et \u00e0 jour, nous ne donnons aucune garantie quant \u00e0 leur exhaustivit\u00e9, leur fiabilit\u00e9 ou leur exactitude.\r\n    <\/p>\r\n\r\n    <h2 style=\"margin:26px 0 10px;font-size:20px;color:#ffffff;\">Pas de conseil professionnel<\/h2>\r\n    <p style=\"margin:0 0 14px;\">\r\n      Aucun \u00e9l\u00e9ment de ce site Web ne constitue un conseil juridique, financier, fiscal ou d'investissement, ni un autre conseil professionnel.\r\n      Vous devez consulter des professionnels qualifi\u00e9s pour obtenir des conseils adapt\u00e9s \u00e0 votre situation.\r\n    <\/p>\r\n\r\n    <h2 style=\"margin:26px 0 10px;font-size:20px;color:#ffffff;\">Aucune garantie<\/h2>\r\n    <p style=\"margin:0 0 14px;\">\r\n      Nous ne garantissons pas de r\u00e9sultats sp\u00e9cifiques, y compris (mais sans s'y limiter) les classements SEO, les niveaux de trafic, les r\u00e9sultats de revenus,\r\n      le prix des jetons, ou la performance du march\u00e9. Les \u00e9tudes de cas et les exemples (le cas \u00e9ch\u00e9ant) sont illustratifs et ne constituent pas une promesse de r\u00e9sultats.\r\n    <\/p>\r\n\r\n    <h2 style=\"margin:26px 0 10px;font-size:20px;color:#ffffff;\">Web3 &amp; Crypto Notice<\/h2>\r\n    <p style=\"margin:0 0 14px;\">\r\n      Le Web3 et les technologies li\u00e9es aux crypto-monnaies comportent des risques, notamment des vuln\u00e9rabilit\u00e9s en mati\u00e8re de s\u00e9curit\u00e9, la volatilit\u00e9 du march\u00e9, l'incertitude r\u00e9glementaire et la perte potentielle de fonds,\r\n      et la perte potentielle de fonds. Toute r\u00e9f\u00e9rence \u00e0 Web3 ou \u00e0 des services de jetons ne constitue pas une recommandation d'investissement.\r\n    <\/p>\r\n\r\n    <h2 style=\"margin:26px 0 10px;font-size:20px;color:#ffffff;\">Liens externes<\/h2>\r\n    <p style=\"margin:0 0 14px;\">\r\n      Notre site web peut inclure des liens vers des sites externes. Nous ne contr\u00f4lons pas et ne sommes pas responsables du contenu ou des pratiques des sites web de tiers.\r\n    <\/p>\r\n\r\n    <h2 style=\"margin:26px 0 10px;font-size:20px;color:#ffffff;\">Contact<\/h2>\r\n    <p style=\"margin:0;\">\r\n      Questions sur le pr\u00e9sent avis de non-responsabilit\u00e9 ? Envoyez un courriel \u00e0 l'adresse suivante\r\n      <a href=\"mailto:info@safaie.co\" style=\"color:#2ee6c5;text-decoration:none;\">info@safaie.co<\/a>.\r\n    <\/p>\r\n  <\/div>\r\n<\/section>\r\n\t\t\t\t<\/div>\n\t\t\t\t\t<\/div>\n\t\t\t\t<\/div>\n\t\t\t\t<\/div>","protected":false},"excerpt":{"rendered":"<p>Disclaimer Last updated: December 26, 2025 The information on Safaie.co is provided for general informational purposes only. While we aim to keep information accurate and up to date, we make no warranties of any kind about completeness, reliability, or accuracy. No Professional Advice Nothing on this Website constitutes legal, financial, investment, tax, or other professional&#8230;<\/p>","protected":false},"author":1,"featured_media":0,"parent":0,"menu_order":0,"comment_status":"closed","ping_status":"closed","template":"elementor_header_footer","meta":{"_uf_show_specific_survey":0,"_uf_disable_surveys":false,"footnotes":""},"class_list":["post-957","page","type-page","status-publish","hentry"],"aioseo_notices":[],"_links":{"self":[{"href":"https:\/\/safaie.co\/fr\/wp-json\/wp\/v2\/pages\/957","targetHints":{"allow":["GET"]}}],"collection":[{"href":"https:\/\/safaie.co\/fr\/wp-json\/wp\/v2\/pages"}],"about":[{"href":"https:\/\/safaie.co\/fr\/wp-json\/wp\/v2\/types\/page"}],"author":[{"embeddable":true,"href":"https:\/\/safaie.co\/fr\/wp-json\/wp\/v2\/users\/1"}],"replies":[{"embeddable":true,"href":"https:\/\/safaie.co\/fr\/wp-json\/wp\/v2\/comments?post=957"}],"version-history":[{"count":9,"href":"https:\/\/safaie.co\/fr\/wp-json\/wp\/v2\/pages\/957\/revisions"}],"predecessor-version":[{"id":3870,"href":"https:\/\/safaie.co\/fr\/wp-json\/wp\/v2\/pages\/957\/revisions\/3870"}],"wp:attachment":[{"href":"https:\/\/safaie.co\/fr\/wp-json\/wp\/v2\/media?parent=957"}],"curies":[{"name":"wp","href":"https:\/\/api.w.org\/{rel}","templated":true}]}}