{"id":962,"date":"2025-12-26T11:31:10","date_gmt":"2025-12-26T11:31:10","guid":{"rendered":"https:\/\/safaie.co\/?page_id=962"},"modified":"2026-01-17T19:03:03","modified_gmt":"2026-01-17T19:03:03","slug":"i%cc%87ade-odeme-poli%cc%87ti%cc%87kasi","status":"publish","type":"page","link":"https:\/\/safaie.co\/tr\/refund-payment-policy\/","title":{"rendered":"Para \u0130adesi ve \u00d6deme Politikas\u0131"},"content":{"rendered":"<div data-elementor-type=\"wp-page\" data-elementor-id=\"962\" class=\"elementor elementor-962\">\n\t\t\t\t<div class=\"elementor-element elementor-element-8426be2 e-flex e-con-boxed e-con e-parent\" data-id=\"8426be2\" data-element_type=\"container\" data-e-type=\"container\">\n\t\t\t\t\t<div class=\"e-con-inner\">\n\t\t\t\t\t<\/div>\n\t\t\t\t<\/div>\n\t\t<div class=\"elementor-element elementor-element-5e0271d e-flex e-con-boxed e-con e-parent\" data-id=\"5e0271d\" data-element_type=\"container\" data-e-type=\"container\">\n\t\t\t\t\t<div class=\"e-con-inner\">\n\t\t\t\t\t<\/div>\n\t\t\t\t<\/div>\n\t\t<div class=\"elementor-element elementor-element-8c9e67d e-flex e-con-boxed e-con e-parent\" data-id=\"8c9e67d\" data-element_type=\"container\" data-e-type=\"container\">\n\t\t\t\t\t<div class=\"e-con-inner\">\n\t\t\t\t\t<\/div>\n\t\t\t\t<\/div>\n\t\t<div class=\"elementor-element elementor-element-51d8dc0 e-flex e-con-boxed e-con e-parent\" data-id=\"51d8dc0\" data-element_type=\"container\" data-e-type=\"container\">\n\t\t\t\t\t<div class=\"e-con-inner\">\n\t\t\t\t<div class=\"elementor-element elementor-element-a6c42c5 elementor-widget elementor-widget-html\" data-id=\"a6c42c5\" data-element_type=\"widget\" data-e-type=\"widget\" data-widget_type=\"html.default\">\n\t\t\t\t\t<section style=\"max-width:1000px;margin:0 auto;padding:40px 18px;font-family:inherit;line-height:1.9;color:#eaeaea;\">\r\n  <div style=\"background:rgba(255,255,255,0.03);border:1px solid rgba(255,255,255,0.08);border-radius:18px;padding:26px;\">\r\n    <h1 style=\"margin:0 0 10px;font-size:34px;line-height:1.2;color:#ffffff;\">Para \u0130adesi ve \u00d6deme Politikas\u0131<\/h1>\r\n    <p style=\"margin:0 0 18px;color:rgba(255,255,255,0.72);font-size:14px;\">\r\n      Son g\u00fcncelleme: <strong>26 Aral\u0131k 2025<\/strong>\r\n    <\/p>\r\n\r\n    <p style=\"margin:0 0 18px;\">\r\n      Bu politika, a\u015fa\u011f\u0131dakiler taraf\u0131ndan sa\u011flanan hizmetler i\u00e7in \u00f6demelerin, onaylar\u0131n ve geri \u00f6demelerin nas\u0131l i\u015fledi\u011fini a\u00e7\u0131klar <strong>Safaie<\/strong>.\r\n      Belirli terimler yaz\u0131l\u0131 proje s\u00f6zle\u015fmenizde de tan\u0131mlanabilir.\r\n    <\/p>\r\n\r\n    <h2 style=\"margin:26px 0 10px;font-size:20px;color:#ffffff;\">1. \u00d6demeler<\/h2>\r\n    <p style=\"margin:0 0 14px;\">\r\n      \u00d6deme ko\u015fullar\u0131 proje baz\u0131nda belirlenir. \u00c7o\u011fu durumda, \u00f6nce inceleme yakla\u015f\u0131m\u0131n\u0131 izliyoruz:\r\n      \u00dczerinde anla\u015fmaya var\u0131lan \u00e7\u0131kt\u0131lar\u0131 olu\u015fturuyor, inceleme i\u00e7in payla\u015f\u0131yor ve farkl\u0131 bir d\u00fczenleme yaz\u0131l\u0131 olarak kararla\u015ft\u0131r\u0131lmad\u0131\u011f\u0131 s\u00fcrece \u00f6demeyi onaydan sonra yap\u0131yoruz.\r\n    <\/p>\r\n\r\n    <h2 style=\"margin:26px 0 10px;font-size:20px;color:#ffffff;\">2. Onay ve Teslimat<\/h2>\r\n    <p style=\"margin:0 0 14px;\">\r\n      \u201cOnay\u201d, teslim edilen i\u015fin kararla\u015ft\u0131r\u0131lan kapsam\u0131 kar\u015f\u0131lad\u0131\u011f\u0131n\u0131 yaz\u0131l\u0131 olarak (e-posta\/mesaj) onaylad\u0131\u011f\u0131n\u0131z anlam\u0131na gelir.\r\n      Onay ve \u00f6demeden sonra, nihai dosyalar\u0131, kimlik bilgilerini teslim eder ve\/veya uygun oldu\u011fu \u015fekilde projeyi ba\u015flat\u0131r\u0131z.\r\n    <\/p>\r\n\r\n    <h2 style=\"margin:26px 0 10px;font-size:20px;color:#ffffff;\">3. Revizyonlar<\/h2>\r\n    <p style=\"margin:0 0 14px;\">\r\n      Makul revizyonlar proje kapsam\u0131nda tan\u0131mland\u0131\u011f\u0131 \u015fekilde dahil edilebilir. Kapsam d\u0131\u015f\u0131ndaki veya nihai onaydan sonraki talepler ek \u00fccret gerektirebilir.\r\n    <\/p>\r\n\r\n    <h2 style=\"margin:26px 0 10px;font-size:20px;color:#ffffff;\">4. Geri \u00f6demeler<\/h2>\r\n    <p style=\"margin:0 0 14px;\">\r\n      Hizmetler ki\u015fiye \u00f6zel oldu\u011fundan, geri \u00f6demeler duruma ve i\u015fin a\u015famas\u0131na ba\u011fl\u0131d\u0131r:\r\n    <\/p>\r\n    <ul style=\"margin:0 0 14px;padding-left:18px;\">\r\n      <li><strong>\u0130\u015fe ba\u015flamadan \u00f6nce:<\/strong> Bir depozito \u00f6denmi\u015fse ve ba\u015flamam\u0131\u015fsak, masraflar olu\u015fmad\u0131\u011f\u0131 s\u00fcrece iade edilebilir.<\/li>\r\n      <li><strong>\u00c7al\u0131\u015fmalar devam ediyor:<\/strong> Tamamlanan i\u015fler i\u00e7in genellikle para iadesi yap\u0131lmaz. Kontrol\u00fcm\u00fcz dahilindeki nedenlerden dolay\u0131 kararla\u015ft\u0131r\u0131lan kapsam\u0131 teslim edemezsek,\r\n        sorunu \u00e7\u00f6zmeye \u00e7al\u0131\u015faca\u011f\u0131z veya kalan kapsama g\u00f6re adil bir k\u0131smi geri \u00f6deme sa\u011flayaca\u011f\u0131z.<\/li>\r\n      <li><strong>Onaydan sonra:<\/strong> \u0130\u015f onayland\u0131ktan ve teslim edildikten sonra geri \u00f6deme yap\u0131lmaz.<\/li>\r\n    <\/ul>\r\n\r\n    <h2 style=\"margin:26px 0 10px;font-size:20px;color:#ffffff;\">5. \u00dccret iadeleri<\/h2>\r\n    <p style=\"margin:0 0 14px;\">\r\n      Faturalama ile ilgili bir sorununuz varsa, \u00f6nce bizimle ileti\u015fime ge\u00e7in. \u00c7\u00f6z\u00fclmeyen anla\u015fmazl\u0131klar i\u015fin ve eri\u015fimin ask\u0131ya al\u0131nmas\u0131na neden olabilir.\r\n    <\/p>\r\n\r\n    <h2 style=\"margin:26px 0 10px;font-size:20px;color:#ffffff;\">6. \u0130leti\u015fim<\/h2>\r\n    <p style=\"margin:0;\">\r\n      Faturaland\u0131rma sorular\u0131: <a href=\"mailto:info@safaie.co\" style=\"color:#2ee6c5;text-decoration:none;\">info@safaie.co<\/a>\r\n    <\/p>\r\n  <\/div>\r\n<\/section>\r\n\t\t\t\t<\/div>\n\t\t\t\t\t<\/div>\n\t\t\t\t<\/div>\n\t\t\t\t<\/div>","protected":false},"excerpt":{"rendered":"<p>Refund &#038; Payment Policy Last updated: December 26, 2025 This policy explains how payments, approvals, and refunds work for services provided by Safaie. Specific terms may also be defined in your written project agreement. 1. Payments Payment terms are defined per project. In many cases, we follow a review-first approach: we build the agreed deliverables,&#8230;<\/p>","protected":false},"author":1,"featured_media":0,"parent":0,"menu_order":0,"comment_status":"closed","ping_status":"closed","template":"elementor_header_footer","meta":{"_uf_show_specific_survey":0,"_uf_disable_surveys":false,"footnotes":""},"class_list":["post-962","page","type-page","status-publish","hentry"],"aioseo_notices":[],"_links":{"self":[{"href":"https:\/\/safaie.co\/tr\/wp-json\/wp\/v2\/pages\/962","targetHints":{"allow":["GET"]}}],"collection":[{"href":"https:\/\/safaie.co\/tr\/wp-json\/wp\/v2\/pages"}],"about":[{"href":"https:\/\/safaie.co\/tr\/wp-json\/wp\/v2\/types\/page"}],"author":[{"embeddable":true,"href":"https:\/\/safaie.co\/tr\/wp-json\/wp\/v2\/users\/1"}],"replies":[{"embeddable":true,"href":"https:\/\/safaie.co\/tr\/wp-json\/wp\/v2\/comments?post=962"}],"version-history":[{"count":12,"href":"https:\/\/safaie.co\/tr\/wp-json\/wp\/v2\/pages\/962\/revisions"}],"predecessor-version":[{"id":3874,"href":"https:\/\/safaie.co\/tr\/wp-json\/wp\/v2\/pages\/962\/revisions\/3874"}],"wp:attachment":[{"href":"https:\/\/safaie.co\/tr\/wp-json\/wp\/v2\/media?parent=962"}],"curies":[{"name":"wp","href":"https:\/\/api.w.org\/{rel}","templated":true}]}}